{"id":23795,"date":"2025-02-16T11:10:21","date_gmt":"2025-02-16T10:10:21","guid":{"rendered":"https:\/\/meistercouture.ch\/prendre-rendez-vous\/"},"modified":"2026-03-26T19:23:07","modified_gmt":"2026-03-26T18:23:07","slug":"prendre-rendez-vous","status":"publish","type":"page","link":"https:\/\/meistercouture.ch\/fr\/prendre-rendez-vous\/","title":{"rendered":"Prendre rendez-vous"},"content":{"rendered":"\t\t<div data-elementor-type=\"wp-page\" data-elementor-id=\"23795\" class=\"elementor elementor-23795 elementor-23726\" data-elementor-post-type=\"page\">\n\t\t\t\t\t\t<section class=\"elementor-section elementor-top-section elementor-element elementor-element-21f7aba animated-slow elementor-section-boxed elementor-section-height-default elementor-section-height-default elementor-invisible\" data-id=\"21f7aba\" data-element_type=\"section\" data-e-type=\"section\" data-settings=\"{&quot;animation&quot;:&quot;fadeIn&quot;,&quot;animation_mobile&quot;:&quot;none&quot;}\">\n\t\t\t\t\t\t<div class=\"elementor-container elementor-column-gap-default\">\n\t\t\t\t\t<div class=\"elementor-column elementor-col-100 elementor-top-column elementor-element elementor-element-d79279b\" data-id=\"d79279b\" data-element_type=\"column\" data-e-type=\"column\">\n\t\t\t<div class=\"elementor-widget-wrap elementor-element-populated\">\n\t\t\t\t\t\t<div class=\"elementor-element elementor-element-31050ea1 elementor-widget elementor-widget-heading\" data-id=\"31050ea1\" data-element_type=\"widget\" data-e-type=\"widget\" data-settings=\"{&quot;_animation_mobile&quot;:&quot;fadeIn&quot;}\" data-widget_type=\"heading.default\">\n\t\t\t\t\t<h1 class=\"elementor-heading-title elementor-size-default\">Prendre rendez-vous<\/h1>\t\t\t\t<\/div>\n\t\t\t\t<div class=\"elementor-element elementor-element-258039ab elementor-invisible elementor-widget elementor-widget-heading\" data-id=\"258039ab\" data-element_type=\"widget\" data-e-type=\"widget\" data-settings=\"{&quot;_animation&quot;:&quot;fadeIn&quot;,&quot;_animation_tablet&quot;:&quot;fadeIn&quot;,&quot;_animation_mobile&quot;:&quot;fadeIn&quot;}\" data-widget_type=\"heading.default\">\n\t\t\t\t\t<h3 class=\"elementor-heading-title elementor-size-default\">R\u00e9servez d\u00e8s maintenant votre consultation nuptiale unique chez nous<\/h3>\t\t\t\t<\/div>\n\t\t\t\t\t<\/div>\n\t\t<\/div>\n\t\t\t\t\t<\/div>\n\t\t<\/section>\n\t\t<div class=\"elementor-element elementor-element-fe626b1 e-flex e-con-boxed e-con e-parent\" data-id=\"fe626b1\" data-element_type=\"container\" data-e-type=\"container\">\n\t\t\t\t\t<div class=\"e-con-inner\">\n\t\t\t\t<div class=\"elementor-element elementor-element-478d1e0 elementor-widget elementor-widget-html\" data-id=\"478d1e0\" data-element_type=\"widget\" data-e-type=\"widget\" data-widget_type=\"html.default\">\n\t\t\t\t\t<iframe src=\"https:\/\/app.acuityscheduling.com\/schedule.php?owner=19179306&ref=embedded_csp\" title=\"Termin vereinbaren\" width=\"100%\" height=\"800\" frameBorder=\"0\"><\/iframe><script src=\"https:\/\/embed.acuityscheduling.com\/js\/embed.js\" type=\"text\/javascript\"><\/script>\t\t\t\t<\/div>\n\t\t\t\t\t<\/div>\n\t\t\t\t<\/div>\n\t\t<div class=\"elementor-element elementor-element-d7ffab6 e-flex e-con-boxed e-con e-parent\" data-id=\"d7ffab6\" data-element_type=\"container\" data-e-type=\"container\">\n\t\t\t\t\t<div class=\"e-con-inner\">\n\t\t\t\t<div class=\"elementor-element elementor-element-cac1cdb elementor-widget elementor-widget-text-editor\" data-id=\"cac1cdb\" data-element_type=\"widget\" data-e-type=\"widget\" data-widget_type=\"text-editor.default\">\n\t\t\t\t\t\t\t\t\t<p>Vivez chez Meister Couture une exp\u00e9rience de conseil en robe de mari\u00e9e incomparable, o\u00f9 vos envies sont toujours au c\u0153ur de notre attention. Gr\u00e2ce \u00e0 notre longue exp\u00e9rience, nous savons exactement ce qui compte pour trouver la robe de vos r\u00eaves. Lors de notre consultation gratuite, nous prenons tout le temps n\u00e9cessaire pour vous \u00e9couter et adapter nos recommandations \u00e0 vos attentes \u2013 tout cela dans une ambiance d\u00e9tendue, avec un verre de Prosecco ou une tasse de caf\u00e9.<\/p>\n\t\t\t\t\t\t\t\t<\/div>\n\t\t\t\t<div class=\"elementor-element elementor-element-978b4ad elementor-widget elementor-widget-text-editor\" data-id=\"978b4ad\" data-element_type=\"widget\" data-e-type=\"widget\" data-widget_type=\"text-editor.default\">\n\t\t\t\t\t\t\t\t\t<p>En plus de notre accueil chaleureux et personnalis\u00e9, vous profitez d\u2019une accessibilit\u00e9 optimale par les transports publics ainsi que de places de stationnement gratuites dans le quartier. Que vous pr\u00e9f\u00e9riez venir en semaine, le samedi, le dimanche ou m\u00eame virtuellement, nous proposons diff\u00e9rentes options de rendez-vous pour que vous vous sentiez parfaitement \u00e0 l\u2019aise et que vous puissiez organiser votre recherche de robe de mari\u00e9e selon vos pr\u00e9f\u00e9rences.<\/p>\n\t\t\t\t\t\t\t\t<\/div>\n\t\t\t\t<div class=\"elementor-element elementor-element-f33ff46 elementor-widget elementor-widget-text-editor\" data-id=\"f33ff46\" data-element_type=\"widget\" data-e-type=\"widget\" data-widget_type=\"text-editor.default\">\n\t\t\t\t\t\t\t\t\t<p><strong>Prenez d\u00e8s maintenant votre rendez-vous personnel<\/strong> et laissez-vous convaincre par notre expertise, notre sens de l\u2019\u00e9coute et notre passion pour la mode nuptiale. Nous nous r\u00e9jouissons de vous accueillir chez Meister Couture\u202f!<\/p>\n\t\t\t\t\t\t\t\t<\/div>\n\t\t\t\t\t<\/div>\n\t\t\t\t<\/div>\n\t\t\t\t<section class=\"elementor-section elementor-top-section elementor-element elementor-element-670dfb71 elementor-section-height-min-height elementor-section-full_width elementor-section-height-default elementor-section-items-middle\" data-id=\"670dfb71\" data-element_type=\"section\" data-e-type=\"section\" data-settings=\"{&quot;background_background&quot;:&quot;classic&quot;,&quot;background_motion_fx_motion_fx_scrolling&quot;:&quot;yes&quot;,&quot;background_motion_fx_opacity_effect&quot;:&quot;yes&quot;,&quot;background_motion_fx_opacity_level&quot;:{&quot;unit&quot;:&quot;px&quot;,&quot;size&quot;:7,&quot;sizes&quot;:[]},&quot;background_motion_fx_opacity_range&quot;:{&quot;unit&quot;:&quot;%&quot;,&quot;size&quot;:&quot;&quot;,&quot;sizes&quot;:{&quot;start&quot;:17,&quot;end&quot;:80}},&quot;background_motion_fx_devices&quot;:[&quot;tablet&quot;,&quot;mobile&quot;],&quot;background_motion_fx_opacity_direction&quot;:&quot;out-in&quot;}\">\n\t\t\t\t\t\t<div class=\"elementor-container elementor-column-gap-default\">\n\t\t\t\t\t<div class=\"elementor-column elementor-col-100 elementor-top-column elementor-element elementor-element-6ac9560a animated-slow elementor-invisible\" data-id=\"6ac9560a\" data-element_type=\"column\" data-e-type=\"column\" data-settings=\"{&quot;background_background&quot;:&quot;classic&quot;,&quot;animation&quot;:&quot;fadeIn&quot;,&quot;animation_tablet&quot;:&quot;fadeIn&quot;,&quot;animation_mobile&quot;:&quot;fadeIn&quot;}\">\n\t\t\t<div class=\"elementor-widget-wrap elementor-element-populated\">\n\t\t\t\t\t\t<div class=\"elementor-element elementor-element-26bd0e20 elementor-widget elementor-widget-heading\" data-id=\"26bd0e20\" data-element_type=\"widget\" data-e-type=\"widget\" data-widget_type=\"heading.default\">\n\t\t\t\t\t<h2 class=\"elementor-heading-title elementor-size-default\">Alter Ego <\/h2>\t\t\t\t<\/div>\n\t\t\t\t<div class=\"elementor-element elementor-element-64685974 elementor-widget elementor-widget-heading\" data-id=\"64685974\" data-element_type=\"widget\" data-e-type=\"widget\" data-widget_type=\"heading.default\">\n\t\t\t\t\t<h2 class=\"elementor-heading-title elementor-size-default\">Chosen by KYHA<\/h2>\t\t\t\t<\/div>\n\t\t\t\t<div class=\"elementor-element elementor-element-19a38700 elementor-align-left elementor-mobile-align-left elementor-widget elementor-widget-button\" data-id=\"19a38700\" data-element_type=\"widget\" data-e-type=\"widget\" data-widget_type=\"button.default\">\n\t\t\t\t\t\t\t\t\t\t<a class=\"elementor-button elementor-button-link elementor-size-xl\" href=\"https:\/\/meistercouture.ch\/fr\/chosen-by-kyha\/\">\n\t\t\t\t\t\t<span class=\"elementor-button-content-wrapper\">\n\t\t\t\t\t\t<span class=\"elementor-button-icon\">\n\t\t\t\t<svg aria-hidden=\"true\" class=\"e-font-icon-svg e-fas-angle-right\" viewBox=\"0 0 256 512\" xmlns=\"http:\/\/www.w3.org\/2000\/svg\"><path d=\"M224.3 273l-136 136c-9.4 9.4-24.6 9.4-33.9 0l-22.6-22.6c-9.4-9.4-9.4-24.6 0-33.9l96.4-96.4-96.4-96.4c-9.4-9.4-9.4-24.6 0-33.9L54.3 103c9.4-9.4 24.6-9.4 33.9 0l136 136c9.5 9.4 9.5 24.6.1 34z\"><\/path><\/svg>\t\t\t<\/span>\n\t\t\t\t\t\t\t\t\t<span class=\"elementor-button-text\">En savoir plus sur nous<\/span>\n\t\t\t\t\t<\/span>\n\t\t\t\t\t<\/a>\n\t\t\t\t\t\t\t\t<\/div>\n\t\t\t\t\t<\/div>\n\t\t<\/div>\n\t\t\t\t\t<\/div>\n\t\t<\/section>\n\t\t\t\t<\/div>\n\t\t","protected":false},"excerpt":{"rendered":"<p>Prendre rendez-vous R\u00e9servez d\u00e8s maintenant votre consultation nuptiale unique chez nous Vivez chez Meister Couture une exp\u00e9rience de conseil en robe de mari\u00e9e incomparable, o\u00f9 vos envies sont toujours au c\u0153ur de notre attention. Gr\u00e2ce \u00e0 notre longue exp\u00e9rience, nous savons exactement ce qui compte pour trouver la robe de vos r\u00eaves. Lors de notre [&hellip;]<\/p>\n","protected":false},"author":1,"featured_media":0,"parent":0,"menu_order":0,"comment_status":"closed","ping_status":"closed","template":"elementor_header_footer","meta":{"footnotes":""},"class_list":["post-23795","page","type-page","status-publish","hentry"],"_links":{"self":[{"href":"https:\/\/meistercouture.ch\/fr\/wp-json\/wp\/v2\/pages\/23795","targetHints":{"allow":["GET"]}}],"collection":[{"href":"https:\/\/meistercouture.ch\/fr\/wp-json\/wp\/v2\/pages"}],"about":[{"href":"https:\/\/meistercouture.ch\/fr\/wp-json\/wp\/v2\/types\/page"}],"author":[{"embeddable":true,"href":"https:\/\/meistercouture.ch\/fr\/wp-json\/wp\/v2\/users\/1"}],"replies":[{"embeddable":true,"href":"https:\/\/meistercouture.ch\/fr\/wp-json\/wp\/v2\/comments?post=23795"}],"version-history":[{"count":0,"href":"https:\/\/meistercouture.ch\/fr\/wp-json\/wp\/v2\/pages\/23795\/revisions"}],"wp:attachment":[{"href":"https:\/\/meistercouture.ch\/fr\/wp-json\/wp\/v2\/media?parent=23795"}],"curies":[{"name":"wp","href":"https:\/\/api.w.org\/{rel}","templated":true}]}}